{"id":2684,"date":"2017-09-11T12:46:03","date_gmt":"2017-09-11T11:46:03","guid":{"rendered":"http:\/\/www.guiteronde.fr\/?page_id=2684"},"modified":"2020-11-08T21:54:01","modified_gmt":"2020-11-08T20:54:01","slug":"accueil","status":"publish","type":"page","link":"https:\/\/www.guiteronde.fr\/es_ES\/","title":{"rendered":"Bienvenidos"},"content":{"rendered":"\n<p style=\"text-align: center;\"><strong>Bienvenidos al Ch\u00e2teau Guiteronde<\/strong><\/p>\n<p style=\"text-align: center;\">Te invitamos a descubrir Ch\u00e2teau Guiteronde, su historia, su vino y su \u00e9tica. Podr\u00e1s descubrir como esta propriedad familiar participa de la magia del prestigioso vino de Sauternes, cuyo \u00fanico procedimiento de fabricaci\u00f3n s\u00f3lo es posible con el consentimiento de la naturaleza.<\/p>\n<p style=\"text-align: center;\">Nos esforzamos en mantener nuestro objetivo de calidad cuya gran exigencia s\u00f3lo es accessible gracias a la peque\u00f1a superficie de este crudo confidencial. S\u00f3lo despu\u00e9s de haber entendido el extraordinario camino recorrido necesario a su elaborac\u00f3n, podr\u00e1s realmente saborear el momento en el que dejar\u00e1s a este vino acariciar tus papilas.<\/p>\n<p style=\"text-align: center;\">Espero que esta web contribuya a hacerte compartir nuestra pasi\u00f3n y que te disfrutes<br \/>\nde una buena visita.<\/p>\n","protected":false},"excerpt":{"rendered":"[smartslider3 slider=1]\n<p style=\"text-align: center;\"><strong>Bienvenidos al Ch\u00e2teau Guiteronde<\/strong><\/p>\n<p style=\"text-align: center;\">Te invitamos a descubrir Ch\u00e2teau Guiteronde, su historia, su vino y su \u00e9tica. Podr\u00e1s descubrir como esta prop&#8230;<\/p>\n","protected":false},"author":1,"featured_media":0,"parent":0,"menu_order":0,"comment_status":"closed","ping_status":"closed","template":"template-fullwidth.php","meta":{"footnotes":""},"class_list":["post-2684","page","type-page","status-publish","hentry"],"_links":{"self":[{"href":"https:\/\/www.guiteronde.fr\/es_ES\/wp-json\/wp\/v2\/pages\/2684","targetHints":{"allow":["GET"]}}],"collection":[{"href":"https:\/\/www.guiteronde.fr\/es_ES\/wp-json\/wp\/v2\/pages"}],"about":[{"href":"https:\/\/www.guiteronde.fr\/es_ES\/wp-json\/wp\/v2\/types\/page"}],"author":[{"embeddable":true,"href":"https:\/\/www.guiteronde.fr\/es_ES\/wp-json\/wp\/v2\/users\/1"}],"replies":[{"embeddable":true,"href":"https:\/\/www.guiteronde.fr\/es_ES\/wp-json\/wp\/v2\/comments?post=2684"}],"version-history":[{"count":23,"href":"https:\/\/www.guiteronde.fr\/es_ES\/wp-json\/wp\/v2\/pages\/2684\/revisions"}],"predecessor-version":[{"id":3174,"href":"https:\/\/www.guiteronde.fr\/es_ES\/wp-json\/wp\/v2\/pages\/2684\/revisions\/3174"}],"wp:attachment":[{"href":"https:\/\/www.guiteronde.fr\/es_ES\/wp-json\/wp\/v2\/media?parent=2684"}],"curies":[{"name":"wp","href":"https:\/\/api.w.org\/{rel}","templated":true}]}}