{"id":2699,"date":"2017-09-11T12:48:57","date_gmt":"2017-09-11T11:48:57","guid":{"rendered":"http:\/\/www.guiteronde.fr\/?page_id=2699"},"modified":"2017-09-12T09:08:46","modified_gmt":"2017-09-12T08:08:46","slug":"presentation-du-domaine","status":"publish","type":"page","link":"https:\/\/www.guiteronde.fr\/es_ES\/presentation-du-domaine\/","title":{"rendered":"Presentaci\u00f3n del dominio"},"content":{"rendered":"<div class=\"n2-code\"><\/div>\n<p>&nbsp;<\/p>\n<p>Los or\u00edgenes de la propriedad son muy antiguos. Desde la \u00e9poca medieval, una parte del edificio actual pudo haber sido utilizado para actividades de caza. Los primeros escritos son del siglo 18, en el que la propriedad se llama \u00abDomaine de Larroqua\u00bb. Por entonces, \u00e9sta pertenece a Nicolas Guiteronde, Juez de trato comercial, quien ha dado el nombre a la propriedead actual.<\/p>\n<p>La propriedad es comprada en 1779 por Antoine Dutemple, antiguo Director de la \u00abMonnaie de Bordeaux\u00bb. A su muerte, es heredada por su hija, Madame Paris, madre de Bernard Auguste Journu, en quien recae en 1808. El edificio central y sus dependencias son edificadas durante el principio de ese siglo. Depu\u00e9s de que su hija fuera v\u00edctima de un accidente de caza delante de la propriedad, Journu vende el dominio en septiembre de 1855 a Pierre Raymond Sarraute.<\/p>\n<p>Desde 1855, Ch\u00e2teau Guiteronde pertenece a la misma familia. Hoy en dia, su propietario es Nelly Delerue, biznieta de Pierre R. Sarraute. En 1941, una parcela de vi\u00f1a es vendida a Georges Bert, quien la vende en 1965 a la familia Du Hayot, la cual la explota a\u00fan hoy en d\u00eda bajo la denominaci\u00f3n Ch\u00e2teau Guiteronde Du Hayot. La otra parte de la propriedad est\u00e1 arrendada por los vi\u00f1edos Du Hayot desde 1963.<\/p>\n<p>Jo\u00eblle Mauriet, hija de la proprietaria actual, tiene dos hijos, Fr\u00e9deric, ingeniero, y Nicolas, m\u00e9dico. En 2004, este \u00faltimo decide de reconstituir una parte de la explotaci\u00f3n con nuevas plantaciones que son explotadas de forma familiar bajo la denominaci\u00f3n Ch\u00e2teau Guiteronde.<\/p>\n","protected":false},"excerpt":{"rendered":"<div class=\"n2-code\">[smartslider3 slider=3]<\/div>\n<p>&nbsp;<\/p>\n<p>Los or\u00edgenes de la propriedad son muy antiguos. Desde la \u00e9poca medieval, una parte del edificio actual pudo haber sido utilizado para actividades de caza. Los primeros escritos son del sig&#8230;<\/p>\n","protected":false},"author":1,"featured_media":0,"parent":0,"menu_order":0,"comment_status":"closed","ping_status":"closed","template":"template-fullwidth.php","meta":{"footnotes":""},"class_list":["post-2699","page","type-page","status-publish","hentry"],"_links":{"self":[{"href":"https:\/\/www.guiteronde.fr\/es_ES\/wp-json\/wp\/v2\/pages\/2699","targetHints":{"allow":["GET"]}}],"collection":[{"href":"https:\/\/www.guiteronde.fr\/es_ES\/wp-json\/wp\/v2\/pages"}],"about":[{"href":"https:\/\/www.guiteronde.fr\/es_ES\/wp-json\/wp\/v2\/types\/page"}],"author":[{"embeddable":true,"href":"https:\/\/www.guiteronde.fr\/es_ES\/wp-json\/wp\/v2\/users\/1"}],"replies":[{"embeddable":true,"href":"https:\/\/www.guiteronde.fr\/es_ES\/wp-json\/wp\/v2\/comments?post=2699"}],"version-history":[{"count":15,"href":"https:\/\/www.guiteronde.fr\/es_ES\/wp-json\/wp\/v2\/pages\/2699\/revisions"}],"predecessor-version":[{"id":2905,"href":"https:\/\/www.guiteronde.fr\/es_ES\/wp-json\/wp\/v2\/pages\/2699\/revisions\/2905"}],"wp:attachment":[{"href":"https:\/\/www.guiteronde.fr\/es_ES\/wp-json\/wp\/v2\/media?parent=2699"}],"curies":[{"name":"wp","href":"https:\/\/api.w.org\/{rel}","templated":true}]}}