{"id":2701,"date":"2017-09-11T12:49:11","date_gmt":"2017-09-11T11:49:11","guid":{"rendered":"http:\/\/www.guiteronde.fr\/?page_id=2701"},"modified":"2017-09-12T09:39:30","modified_gmt":"2017-09-12T08:39:30","slug":"la-famille-sarraute-sagebien","status":"publish","type":"page","link":"https:\/\/www.guiteronde.fr\/es_ES\/la-famille-sarraute-sagebien\/","title":{"rendered":"La familia Sarraute-Sagebien"},"content":{"rendered":"\n<p>&nbsp;<\/p>\n<p>La isla de Cuba es la cuna de la uni\u00f3n de estas dos familias. Pierre Raymond Sarraute conoci\u00f3 all\u00ed a la que ser\u00e1 su mujer, Isabelle Sagebien. Los Sagebien son una vieja familia de la cual se pueden encontrar se\u00f1ales en Picardie desde el siglo 17.<\/p>\n<p>El padre de Isabelle, Jules Fran\u00e7ois Auguste Sagebien, nacido en Boufflers en 1796, tiene un destino poco corriente. Con 22 a\u00f1os, y despu\u00e9s de unos s\u00f3lidos estudios t\u00e9cnicos, decide irse al extranjero a buscar fortuna. Llega a Anvers sin dinero y coge el primer barco a Nueva York. Despues de un viaje en velero de dos meses y medio se instala por un tiempo en esa ciudad, en Wall Street, y vive de peque\u00f1os trabajos de carpinter\u00eda.<\/p>\n<p>Un arquitecto franc\u00e9s instalado en los Estados Unidos le contrata para una de sus obras en Cuba, por entonces en posesi\u00f3n de Espa\u00f1a. Se casa en Matanzas y se queda en la isla durante numerosos a\u00f1os. Comandante del cuerpo de ingenieros espa\u00f1ol, construye el teatro y los almacenes de la Havana.<\/p>\n<p>Mas tarde, se especializa en los trabajos p\u00fablicos y se lanza en la construcci\u00f3n de las primeras v\u00edas de ferrocarriles de la isla, de las cuales, \u00e9l es en gran parte el inventor y el creador. En esa \u00e9poca, su hija Isabelle conoce a Pierre R. Sarraute orignario de Barsac y instalado en Cuba por causa de sus negocios. Hac\u00eda fabricar en Francia coches de caballos, reconocidos entonces por su rapidez, los \u00abvolantes\u00bb, que revend\u00eda en La Havana<\/p>\n","protected":false},"excerpt":{"rendered":"[smartslider3 slider=5]\n<p>&nbsp;<\/p>\n<p>La isla de Cuba es la cuna de la uni\u00f3n de estas dos familias. Pierre Raymond Sarraute conoci\u00f3 all\u00ed a la que ser\u00e1 su mujer, Isabelle Sagebien. Los Sagebien son una vieja familia de la cual se pueden encontrar se\u00f1al&#8230;<\/p>\n","protected":false},"author":1,"featured_media":0,"parent":0,"menu_order":0,"comment_status":"closed","ping_status":"closed","template":"template-fullwidth.php","meta":{"footnotes":""},"class_list":["post-2701","page","type-page","status-publish","hentry"],"_links":{"self":[{"href":"https:\/\/www.guiteronde.fr\/es_ES\/wp-json\/wp\/v2\/pages\/2701","targetHints":{"allow":["GET"]}}],"collection":[{"href":"https:\/\/www.guiteronde.fr\/es_ES\/wp-json\/wp\/v2\/pages"}],"about":[{"href":"https:\/\/www.guiteronde.fr\/es_ES\/wp-json\/wp\/v2\/types\/page"}],"author":[{"embeddable":true,"href":"https:\/\/www.guiteronde.fr\/es_ES\/wp-json\/wp\/v2\/users\/1"}],"replies":[{"embeddable":true,"href":"https:\/\/www.guiteronde.fr\/es_ES\/wp-json\/wp\/v2\/comments?post=2701"}],"version-history":[{"count":25,"href":"https:\/\/www.guiteronde.fr\/es_ES\/wp-json\/wp\/v2\/pages\/2701\/revisions"}],"predecessor-version":[{"id":2929,"href":"https:\/\/www.guiteronde.fr\/es_ES\/wp-json\/wp\/v2\/pages\/2701\/revisions\/2929"}],"wp:attachment":[{"href":"https:\/\/www.guiteronde.fr\/es_ES\/wp-json\/wp\/v2\/media?parent=2701"}],"curies":[{"name":"wp","href":"https:\/\/api.w.org\/{rel}","templated":true}]}}