{"id":2703,"date":"2017-09-11T12:49:33","date_gmt":"2017-09-11T11:49:33","guid":{"rendered":"http:\/\/www.guiteronde.fr\/?page_id=2703"},"modified":"2017-09-15T14:30:54","modified_gmt":"2017-09-15T13:30:54","slug":"une-histoire-de-famille","status":"publish","type":"page","link":"https:\/\/www.guiteronde.fr\/es_ES\/une-histoire-de-famille\/","title":{"rendered":"Una historia de familia"},"content":{"rendered":"<div class=\"n2-code\"><\/div>\n<div><\/div>\n<p>&nbsp;<\/p>\n<p>El 10 de septiembre de 1855, Pierre Raymond Sarraute que buscaba una vivienda para volver a instalarse en su regi\u00f3n natal, compra Ch\u00e2teau Guiteronde. Poco depu\u00e9s, vuelve de Cuba con su mujer sus tres hijos, sus suegros y toda la familia se instala en Ch\u00e2teau Guiteronde. Por esa misma \u00e9poca, su hermano, Louis Sarraute, tambien de vuelta de Cuba, compra el Ch\u00e2teau Caillou, propriedad vecina, que vender\u00e1 a la familia Balan en 1990.<\/p>\n<p>A la muerte de Pierre R. Sarraute, Ch\u00e2teau Guiteronde pasa a su hijo, Pierre Sarraute, Presidente del Tribunal Civil de Villeneuve-sur-Lot, y mas tarde, de Libourne. La propiedad es heredada despues por su hija, Ir\u00e8ne Lagueyte, que la transmite a continuaci\u00f3n a su propia hija, Nelly Delerue, que le transmite tambi\u00e9n a su hija Jo\u00eblle Mauriet.<\/p>\n<p>Ch\u00e2teau Guiteronde forma parte de las propiedades de Barsac mas antiguas y que han pertenecido siempre a la misma familia. Seis generaciones mas tarde, la propiedad es ahora cuidada y conservada por Alain y Jo\u00eblle Mauriet. Sus hijos, Nicolas ayudado por su hermano Fr\u00e9d\u00e9ric, trabajan en el mantenimiento de la explotaci\u00f3n vit\u00edcola.<\/p>\n<p>&nbsp;<\/p>\n","protected":false},"excerpt":{"rendered":"<div class=\"n2-code\">[smartslider3 slider=4]<\/div>\n<div><\/div>\n<p>&nbsp;<\/p>\n<p>El 10 de septiembre de 1855, Pierre Raymond Sarraute que buscaba una vivienda para volver a instalarse en su regi\u00f3n natal, compra Ch\u00e2teau Guiteronde. Poco depu\u00e9s, vuelve de Cu&#8230;<\/p>\n","protected":false},"author":1,"featured_media":0,"parent":0,"menu_order":0,"comment_status":"closed","ping_status":"closed","template":"template-fullwidth.php","meta":{"footnotes":""},"class_list":["post-2703","page","type-page","status-publish","hentry"],"_links":{"self":[{"href":"https:\/\/www.guiteronde.fr\/es_ES\/wp-json\/wp\/v2\/pages\/2703","targetHints":{"allow":["GET"]}}],"collection":[{"href":"https:\/\/www.guiteronde.fr\/es_ES\/wp-json\/wp\/v2\/pages"}],"about":[{"href":"https:\/\/www.guiteronde.fr\/es_ES\/wp-json\/wp\/v2\/types\/page"}],"author":[{"embeddable":true,"href":"https:\/\/www.guiteronde.fr\/es_ES\/wp-json\/wp\/v2\/users\/1"}],"replies":[{"embeddable":true,"href":"https:\/\/www.guiteronde.fr\/es_ES\/wp-json\/wp\/v2\/comments?post=2703"}],"version-history":[{"count":30,"href":"https:\/\/www.guiteronde.fr\/es_ES\/wp-json\/wp\/v2\/pages\/2703\/revisions"}],"predecessor-version":[{"id":3160,"href":"https:\/\/www.guiteronde.fr\/es_ES\/wp-json\/wp\/v2\/pages\/2703\/revisions\/3160"}],"wp:attachment":[{"href":"https:\/\/www.guiteronde.fr\/es_ES\/wp-json\/wp\/v2\/media?parent=2703"}],"curies":[{"name":"wp","href":"https:\/\/api.w.org\/{rel}","templated":true}]}}