{"id":2705,"date":"2017-09-11T12:50:00","date_gmt":"2017-09-11T11:50:00","guid":{"rendered":"http:\/\/www.guiteronde.fr\/?page_id=2705"},"modified":"2017-09-15T11:56:55","modified_gmt":"2017-09-15T10:56:55","slug":"la-situation","status":"publish","type":"page","link":"https:\/\/www.guiteronde.fr\/es_ES\/la-situation\/","title":{"rendered":"La situation"},"content":{"rendered":"\n<p>&nbsp;<\/p>\n<p><strong>Situaci\u00f3n<\/strong><\/p>\n<p>Al sudeste de Burdeos se situa el vi\u00f1edo de una de las denominaciones con m\u00e1s prestigio del mundo : Sauternes. Se reparte sobre una peque\u00f1a superficie de aproximadamente 2200 hectareas (menos del 2% del vi\u00f1edo de Burdeos).<\/p>\n<p>La regi\u00f3n es atravesada por un peque\u00f1o afluente de la Garonne, el Ciron, el cual es el origen del microclima, secreto de la elaboraci\u00f3n de vinos naturalmene licorosos. Desde el decreto de 1936, s\u00f3lo cinco municipios pueden beneficiarse de la denominaci\u00f3n Sauternes : Sauternes, Fargues, Bommes, Preignac y Barsac.<\/p>\n<p>Es en el pueblo de Barsac, antiguo prebostazgo real, que se situa Ch\u00e2teau Guiteronde. El vi\u00f1edo del municipio, de unas 800 hect\u00e1reas, tiene la particularidad de beneficiarse a la vez de la denominaci\u00f3n Sauternes y de la denominaci\u00f3n espec\u00edfica Barsac. Ch\u00e2teau Guiteronde se alza sobre la meseta de Haut-Barsac, en el sur del municipio, bordeada por la antigua v\u00eda de la \u00e9poca galo-romana de P\u00e9bayle.<\/p>\n<p>Rodeada de los vi\u00f1edos clasificados de Caillou, Myrat y Climens, la propiedad se beneficia de un terru\u00f1o excepcional. Cuenta hoy en d\u00eda con una superficie de aproximadamene 8 hect\u00e1reas, de las cuales 5 son vi\u00f1edos, y el resto forman parte del parque y de algunos bosques.<\/p>\n<p>&nbsp;<\/p>\n","protected":false},"excerpt":{"rendered":"[smartslider3 slider=6]\n<p>&nbsp;<\/p>\n<p><strong>Situaci\u00f3n<\/strong><\/p>\n<p>Al sudeste de Burdeos se situa el vi\u00f1edo de una de las denominaciones con m\u00e1s prestigio del mundo : Sauternes. Se reparte sobre una peque\u00f1a superficie de aproximadamente 2200 hectarea&#8230;<\/p>\n","protected":false},"author":1,"featured_media":0,"parent":0,"menu_order":0,"comment_status":"closed","ping_status":"closed","template":"template-fullwidth.php","meta":{"footnotes":""},"class_list":["post-2705","page","type-page","status-publish","hentry"],"_links":{"self":[{"href":"https:\/\/www.guiteronde.fr\/es_ES\/wp-json\/wp\/v2\/pages\/2705","targetHints":{"allow":["GET"]}}],"collection":[{"href":"https:\/\/www.guiteronde.fr\/es_ES\/wp-json\/wp\/v2\/pages"}],"about":[{"href":"https:\/\/www.guiteronde.fr\/es_ES\/wp-json\/wp\/v2\/types\/page"}],"author":[{"embeddable":true,"href":"https:\/\/www.guiteronde.fr\/es_ES\/wp-json\/wp\/v2\/users\/1"}],"replies":[{"embeddable":true,"href":"https:\/\/www.guiteronde.fr\/es_ES\/wp-json\/wp\/v2\/comments?post=2705"}],"version-history":[{"count":11,"href":"https:\/\/www.guiteronde.fr\/es_ES\/wp-json\/wp\/v2\/pages\/2705\/revisions"}],"predecessor-version":[{"id":3040,"href":"https:\/\/www.guiteronde.fr\/es_ES\/wp-json\/wp\/v2\/pages\/2705\/revisions\/3040"}],"wp:attachment":[{"href":"https:\/\/www.guiteronde.fr\/es_ES\/wp-json\/wp\/v2\/media?parent=2705"}],"curies":[{"name":"wp","href":"https:\/\/api.w.org\/{rel}","templated":true}]}}