{"id":2709,"date":"2017-09-11T12:50:27","date_gmt":"2017-09-11T11:50:27","guid":{"rendered":"http:\/\/www.guiteronde.fr\/?page_id=2709"},"modified":"2017-09-15T12:08:22","modified_gmt":"2017-09-15T11:08:22","slug":"le-vignoble","status":"publish","type":"page","link":"https:\/\/www.guiteronde.fr\/es_ES\/le-vignoble\/","title":{"rendered":"El Vi\u00f1edo"},"content":{"rendered":"\n<p>&nbsp;<\/p>\n<p>Repartido entre las ubicaciones de Guiteronde y de Andoyse, el vi\u00f1edo que explotamos hoy en d\u00eda, se extiende s\u00f3lo sobre una media hect\u00e1rea.<\/p>\n<p>La explotaci\u00f3n es de las m\u00e1s peque\u00f1as de Barsac, lo que hace que sus crudos son verdaderamente confidenciales.<\/p>\n<p>Las parcelas de este joven vi\u00f1edo vienen del cambio de una parte de la explotaci\u00f3n despu\u00e9s de trabajos importantes de arranque, de excavaci\u00f3n y de plantaciones nuevas.<\/p>\n<p>La densidad es de 6660 pies a la hect\u00e1rea.<\/p>\n<p>La cepa mayoritaria es el Semill\u00f3n tradicional, cepa rey para la elaboraci\u00f3n de grandes vinos licorosos, que constituye casi el 95 % del vi\u00f1edo. Para el resto de la plantaci\u00f3n, la elecci\u00f3n se la lleva Muscadelle, debido a su especificidad arom\u00e1tica y a su dulzura.<\/p>\n","protected":false},"excerpt":{"rendered":"[smartslider3 slider=9]\n<p>&nbsp;<\/p>\n<p>Repartido entre las ubicaciones de Guiteronde y de Andoyse, el vi\u00f1edo que explotamos hoy en d\u00eda, se extiende s\u00f3lo sobre una media hect\u00e1rea.<\/p>\n<p>La explotaci\u00f3n es de las m\u00e1s peque\u00f1as de Barsac, lo que hace que sus c&#8230;<\/p>\n","protected":false},"author":1,"featured_media":0,"parent":0,"menu_order":0,"comment_status":"closed","ping_status":"closed","template":"template-fullwidth.php","meta":{"footnotes":""},"class_list":["post-2709","page","type-page","status-publish","hentry"],"_links":{"self":[{"href":"https:\/\/www.guiteronde.fr\/es_ES\/wp-json\/wp\/v2\/pages\/2709","targetHints":{"allow":["GET"]}}],"collection":[{"href":"https:\/\/www.guiteronde.fr\/es_ES\/wp-json\/wp\/v2\/pages"}],"about":[{"href":"https:\/\/www.guiteronde.fr\/es_ES\/wp-json\/wp\/v2\/types\/page"}],"author":[{"embeddable":true,"href":"https:\/\/www.guiteronde.fr\/es_ES\/wp-json\/wp\/v2\/users\/1"}],"replies":[{"embeddable":true,"href":"https:\/\/www.guiteronde.fr\/es_ES\/wp-json\/wp\/v2\/comments?post=2709"}],"version-history":[{"count":11,"href":"https:\/\/www.guiteronde.fr\/es_ES\/wp-json\/wp\/v2\/pages\/2709\/revisions"}],"predecessor-version":[{"id":3061,"href":"https:\/\/www.guiteronde.fr\/es_ES\/wp-json\/wp\/v2\/pages\/2709\/revisions\/3061"}],"wp:attachment":[{"href":"https:\/\/www.guiteronde.fr\/es_ES\/wp-json\/wp\/v2\/media?parent=2709"}],"curies":[{"name":"wp","href":"https:\/\/api.w.org\/{rel}","templated":true}]}}