{"id":2711,"date":"2017-09-11T12:50:46","date_gmt":"2017-09-11T11:50:46","guid":{"rendered":"http:\/\/www.guiteronde.fr\/?page_id=2711"},"modified":"2017-09-15T12:20:46","modified_gmt":"2017-09-15T11:20:46","slug":"la-culture","status":"publish","type":"page","link":"https:\/\/www.guiteronde.fr\/es_ES\/la-culture\/","title":{"rendered":"Cultura"},"content":{"rendered":"<div class=\"n2-code\"><\/div>\n<p>&nbsp;<\/p>\n<p>&nbsp;<\/p>\n<p>Esta peque\u00f1a superficie es un triunfo formidable ya que permite aportar los cuidados m\u00e1s atentos, siempre de modo razonado, en una preocupaci\u00f3n de calidad, de limitaci\u00f3n del rendimiento y del respeto al medio ambiente.\u2028\u2028Las costumbres culturales tradicionales son rigurosamente seguidas.<\/p>\n<p>Los suelos son trabajados y los tratamientos son muy limitados. La vid, cortada con talla \u201ca cot\u201d, sigue las operaciones en verde : poda, vendimias verdes, deshojadura precoz.\u2028\u2028Este cultivo, muy exigente, limita los rendimientos, \u00fanico medio para obtener un vino de alta calidad.<\/p>\n<p>De esta forma la producci\u00f3n es muy escasa y no sobrepasa apenas el tercio del rendimiento autorizado por la denominaci\u00f3n, que es de 25 hectolitros a la hect\u00e1rea.<\/p>\n","protected":false},"excerpt":{"rendered":"<div class=\"n2-code\">[smartslider3 slider=10]<\/div>\n<p>&nbsp;<\/p>\n<p>&nbsp;<\/p>\n<p>Esta peque\u00f1a superficie es un triunfo formidable ya que permite aportar los cuidados m\u00e1s atentos, siempre de modo razonado, en una preocupaci\u00f3n de calidad, de limitaci\u00f3n del ren&#8230;<\/p>\n","protected":false},"author":1,"featured_media":0,"parent":0,"menu_order":0,"comment_status":"closed","ping_status":"closed","template":"template-fullwidth.php","meta":{"footnotes":""},"class_list":["post-2711","page","type-page","status-publish","hentry"],"_links":{"self":[{"href":"https:\/\/www.guiteronde.fr\/es_ES\/wp-json\/wp\/v2\/pages\/2711","targetHints":{"allow":["GET"]}}],"collection":[{"href":"https:\/\/www.guiteronde.fr\/es_ES\/wp-json\/wp\/v2\/pages"}],"about":[{"href":"https:\/\/www.guiteronde.fr\/es_ES\/wp-json\/wp\/v2\/types\/page"}],"author":[{"embeddable":true,"href":"https:\/\/www.guiteronde.fr\/es_ES\/wp-json\/wp\/v2\/users\/1"}],"replies":[{"embeddable":true,"href":"https:\/\/www.guiteronde.fr\/es_ES\/wp-json\/wp\/v2\/comments?post=2711"}],"version-history":[{"count":15,"href":"https:\/\/www.guiteronde.fr\/es_ES\/wp-json\/wp\/v2\/pages\/2711\/revisions"}],"predecessor-version":[{"id":3068,"href":"https:\/\/www.guiteronde.fr\/es_ES\/wp-json\/wp\/v2\/pages\/2711\/revisions\/3068"}],"wp:attachment":[{"href":"https:\/\/www.guiteronde.fr\/es_ES\/wp-json\/wp\/v2\/media?parent=2711"}],"curies":[{"name":"wp","href":"https:\/\/api.w.org\/{rel}","templated":true}]}}