{"id":2715,"date":"2017-09-11T12:51:14","date_gmt":"2017-09-11T11:51:14","guid":{"rendered":"http:\/\/www.guiteronde.fr\/?page_id=2715"},"modified":"2017-09-15T12:36:43","modified_gmt":"2017-09-15T11:36:43","slug":"la-degustation","status":"publish","type":"page","link":"https:\/\/www.guiteronde.fr\/es_ES\/la-degustation\/","title":{"rendered":"Degustaci\u00f3n"},"content":{"rendered":"<div class=\"n2-code\"><\/div>\n<p>&nbsp;<\/p>\n<p>Es as\u00ed que, gracias a un procedimiento tradicional y minucioso, nace el vino de Ch\u00e2teau Guiteronde. La calidad del trabajo de la vi\u00f1a y del vino solo es posible gracias a la peque\u00f1a superficie del vi\u00f1edo que, es para nosotros un triunfo primordial. Ch\u00e2teau Guiteronde constituye as\u00ed un verdadero &#8220;vino de garaje &#8220;.<\/p>\n<p>De color de oro, los vinos obtenidos son de una complejidad arom\u00e1tica notable y de una gran elegancia. La mezcla sutil de sus aromas de miel de acacias y de albaricoques confitados hace toda su sensualidad.<\/p>\n<p>Nuestros vinos pueden ser bebidos j\u00f3venes, aunque su caracter\u00edstica principal sea su gran aptitud al envejecimiento. Con aromas afrutados y nerviosos en su juventud, s\u00f3lo despu\u00e9s de varios a\u00f1os, y a veces varias decenas, estos vinos se derretir\u00e1n en la untuosidad y el perfume que les es tan particular.<\/p>\n<p>Bebido fresco, es un aperitivo excelente y va tambi\u00e9n muy bien con numerosos platos. Contrariamente a ciertas ideas recibidas, estos vinos podr\u00e1n acompa\u00f1arle a lo largo de una comida. M\u00e1s all\u00e1 del foie gras tradicional, se marida muy bien con aves asadas u otras carnes blancas en salsa, ensaladas, quesos aromatizados con hierbas como el perejil y adem\u00e1s, la inmensa mayor\u00eda de los postres.<\/p>\n","protected":false},"excerpt":{"rendered":"<div class=\"n2-code\">[smartslider3 slider=12]<\/div>\n<p>&nbsp;<\/p>\n<p>Es as\u00ed que, gracias a un procedimiento tradicional y minucioso, nace el vino de Ch\u00e2teau Guiteronde. La calidad del trabajo de la vi\u00f1a y del vino solo es posible gracias a la peque\u00f1a super&#8230;<\/p>\n","protected":false},"author":1,"featured_media":0,"parent":0,"menu_order":0,"comment_status":"closed","ping_status":"closed","template":"template-fullwidth.php","meta":{"footnotes":""},"class_list":["post-2715","page","type-page","status-publish","hentry"],"_links":{"self":[{"href":"https:\/\/www.guiteronde.fr\/es_ES\/wp-json\/wp\/v2\/pages\/2715","targetHints":{"allow":["GET"]}}],"collection":[{"href":"https:\/\/www.guiteronde.fr\/es_ES\/wp-json\/wp\/v2\/pages"}],"about":[{"href":"https:\/\/www.guiteronde.fr\/es_ES\/wp-json\/wp\/v2\/types\/page"}],"author":[{"embeddable":true,"href":"https:\/\/www.guiteronde.fr\/es_ES\/wp-json\/wp\/v2\/users\/1"}],"replies":[{"embeddable":true,"href":"https:\/\/www.guiteronde.fr\/es_ES\/wp-json\/wp\/v2\/comments?post=2715"}],"version-history":[{"count":11,"href":"https:\/\/www.guiteronde.fr\/es_ES\/wp-json\/wp\/v2\/pages\/2715\/revisions"}],"predecessor-version":[{"id":3106,"href":"https:\/\/www.guiteronde.fr\/es_ES\/wp-json\/wp\/v2\/pages\/2715\/revisions\/3106"}],"wp:attachment":[{"href":"https:\/\/www.guiteronde.fr\/es_ES\/wp-json\/wp\/v2\/media?parent=2715"}],"curies":[{"name":"wp","href":"https:\/\/api.w.org\/{rel}","templated":true}]}}